{"id":929,"date":"2025-08-27T22:47:21","date_gmt":"2025-08-27T22:47:21","guid":{"rendered":"https:\/\/denali.analyticax.com.mx\/?post_type=product&#038;p=929"},"modified":"2025-09-15T05:50:32","modified_gmt":"2025-09-15T05:50:32","slug":"generador-a-gas-natural-generac-de-300kw-en-venta","status":"publish","type":"product","link":"https:\/\/denali-ep.com\/en\/product\/generador-a-gas-natural-generac-de-300kw-en-venta\/","title":{"rendered":"Generac 300kW Natural Gas Generator for Sale"},"content":{"rendered":"<p data-start=\"131\" data-end=\"418\">Used Generac 300kW natural gas generator. This standby unit features an enclosed cabinet and has approximately 523 hours of use. It provides 120\/208V power and is ready to ship from our facility in Brighton, Colorado.<\/p>\n<p data-start=\"420\" data-end=\"443\">Specs:<\/p>\n<ul data-start=\"444\" data-end=\"647\">\n<li data-start=\"444\" data-end=\"476\">\n<p data-start=\"446\" data-end=\"476\">Unit number: 092047<\/p>\n<\/li>\n<li data-start=\"477\" data-end=\"501\">\n<p data-start=\"479\" data-end=\"501\">Condition: Used<\/p>\n<\/li>\n<li data-start=\"502\" data-end=\"526\">\n<p data-start=\"504\" data-end=\"526\">Capacity: 300kW<\/p>\n<\/li>\n<li data-start=\"527\" data-end=\"554\">\n<p data-start=\"529\" data-end=\"554\">Manufacturer: Generac<\/p>\n<\/li>\n<li data-start=\"555\" data-end=\"595\">\n<p data-start=\"557\" data-end=\"595\">Fuel type: Natural gas<\/p>\n<\/li>\n<li data-start=\"596\" data-end=\"621\">\n<p data-start=\"598\" data-end=\"621\">Voltage: 120\/208V<\/p>\n<\/li>\n<li data-start=\"622\" data-end=\"647\">\n<p data-start=\"624\" data-end=\"647\">Hours of use: 523<\/p>\n<\/li>\n<\/ul>","protected":false},"excerpt":{"rendered":"<p>Generador a gas natural Generac usado de 300kW. Esta unidad de respaldo cuenta con un gabinete cerrado y tiene aproximadamente 523 horas de uso. Proporciona energ\u00eda a 120\/208V y est\u00e1 listo para enviarse desde nuestras instalaciones en Brighton, Colorado. Especificaciones: N\u00famero de unidad: 092047 Condici\u00f3n: Usado Capacidad: 300kW Fabricante: Generac Tipo de combustible: Gas natural [&hellip;]<\/p>\n","protected":false},"featured_media":935,"template":"","meta":[],"product_brand":[],"product_cat":[24],"product_tag":[],"class_list":{"0":"post-929","1":"product","2":"type-product","3":"status-publish","4":"has-post-thumbnail","6":"product_cat-uncategorized","7":"pa_capacidad-300-kw","8":"pa_tipo-de-combustible-gas-natural","10":"first","11":"instock","12":"shipping-taxable","13":"product-type-simple"},"yoast_head":"<!-- This site is optimized with the Yoast SEO plugin v27.4 - https:\/\/yoast.com\/product\/yoast-seo-wordpress\/ -->\n<title>Generador a Gas Natural Generac de 300kW en Venta - Denali Energy Partners<\/title>\n<meta name=\"robots\" content=\"index, follow, max-snippet:-1, max-image-preview:large, max-video-preview:-1\" \/>\n<link rel=\"canonical\" href=\"https:\/\/denali-ep.com\/en\/product\/generador-a-gas-natural-generac-de-300kw-en-venta\/\" \/>\n<meta property=\"og:locale\" content=\"en_US\" \/>\n<meta property=\"og:type\" content=\"article\" \/>\n<meta property=\"og:title\" content=\"Generador a Gas Natural Generac de 300kW en Venta - Denali Energy Partners\" \/>\n<meta property=\"og:description\" content=\"Generador a gas natural Generac usado de 300kW. Esta unidad de respaldo cuenta con un gabinete cerrado y tiene aproximadamente 523 horas de uso. Proporciona energ\u00eda a 120\/208V y est\u00e1 listo para enviarse desde nuestras instalaciones en Brighton, Colorado. Especificaciones: N\u00famero de unidad: 092047 Condici\u00f3n: Usado Capacidad: 300kW Fabricante: Generac Tipo de combustible: Gas natural [&hellip;]\" \/>\n<meta property=\"og:url\" content=\"https:\/\/denali-ep.com\/en\/product\/generador-a-gas-natural-generac-de-300kw-en-venta\/\" \/>\n<meta property=\"og:site_name\" content=\"Denali Energy Partners\" \/>\n<meta property=\"article:modified_time\" content=\"2025-09-15T05:50:32+00:00\" \/>\n<meta property=\"og:image\" content=\"https:\/\/denali-ep.com\/wp-content\/uploads\/2025\/08\/1-300kw-generac-industrial-generator-unit-092047-exterior.webp\" \/>\n\t<meta property=\"og:image:width\" content=\"1080\" \/>\n\t<meta property=\"og:image:height\" content=\"720\" \/>\n\t<meta property=\"og:image:type\" content=\"image\/webp\" \/>\n<meta name=\"twitter:card\" content=\"summary_large_image\" \/>\n<meta name=\"twitter:label1\" content=\"Est. reading time\" \/>\n\t<meta name=\"twitter:data1\" content=\"1 minute\" \/>\n<script type=\"application\/ld+json\" class=\"yoast-schema-graph\">{\"@context\":\"https:\\\/\\\/schema.org\",\"@graph\":[{\"@type\":\"WebPage\",\"@id\":\"https:\\\/\\\/denali-ep.com\\\/product\\\/generador-a-gas-natural-generac-de-300kw-en-venta\\\/\",\"url\":\"https:\\\/\\\/denali-ep.com\\\/product\\\/generador-a-gas-natural-generac-de-300kw-en-venta\\\/\",\"name\":\"Generador a Gas Natural Generac de 300kW en Venta - Denali Energy Partners\",\"isPartOf\":{\"@id\":\"https:\\\/\\\/denali-ep.com\\\/#website\"},\"primaryImageOfPage\":{\"@id\":\"https:\\\/\\\/denali-ep.com\\\/product\\\/generador-a-gas-natural-generac-de-300kw-en-venta\\\/#primaryimage\"},\"image\":{\"@id\":\"https:\\\/\\\/denali-ep.com\\\/product\\\/generador-a-gas-natural-generac-de-300kw-en-venta\\\/#primaryimage\"},\"thumbnailUrl\":\"https:\\\/\\\/denali-ep.com\\\/wp-content\\\/uploads\\\/2025\\\/08\\\/1-300kw-generac-industrial-generator-unit-092047-exterior.webp\",\"datePublished\":\"2025-08-27T22:47:21+00:00\",\"dateModified\":\"2025-09-15T05:50:32+00:00\",\"breadcrumb\":{\"@id\":\"https:\\\/\\\/denali-ep.com\\\/product\\\/generador-a-gas-natural-generac-de-300kw-en-venta\\\/#breadcrumb\"},\"inLanguage\":\"en-US\",\"potentialAction\":[{\"@type\":\"ReadAction\",\"target\":[\"https:\\\/\\\/denali-ep.com\\\/product\\\/generador-a-gas-natural-generac-de-300kw-en-venta\\\/\"]}]},{\"@type\":\"ImageObject\",\"inLanguage\":\"en-US\",\"@id\":\"https:\\\/\\\/denali-ep.com\\\/product\\\/generador-a-gas-natural-generac-de-300kw-en-venta\\\/#primaryimage\",\"url\":\"https:\\\/\\\/denali-ep.com\\\/wp-content\\\/uploads\\\/2025\\\/08\\\/1-300kw-generac-industrial-generator-unit-092047-exterior.webp\",\"contentUrl\":\"https:\\\/\\\/denali-ep.com\\\/wp-content\\\/uploads\\\/2025\\\/08\\\/1-300kw-generac-industrial-generator-unit-092047-exterior.webp\",\"width\":1080,\"height\":720},{\"@type\":\"BreadcrumbList\",\"@id\":\"https:\\\/\\\/denali-ep.com\\\/product\\\/generador-a-gas-natural-generac-de-300kw-en-venta\\\/#breadcrumb\",\"itemListElement\":[{\"@type\":\"ListItem\",\"position\":1,\"name\":\"Inicio\",\"item\":\"https:\\\/\\\/denali-ep.com\\\/\"},{\"@type\":\"ListItem\",\"position\":2,\"name\":\"Shop\",\"item\":\"https:\\\/\\\/denali-ep.com\\\/shop\\\/\"},{\"@type\":\"ListItem\",\"position\":3,\"name\":\"Generador a Gas Natural Generac de 300kW en Venta\"}]},{\"@type\":\"WebSite\",\"@id\":\"https:\\\/\\\/denali-ep.com\\\/#website\",\"url\":\"https:\\\/\\\/denali-ep.com\\\/\",\"name\":\"Denali Energy Partners\",\"description\":\"Reducimos su tarifa el\u00e9ctrica, aseguramos el suministro y aceleramos sus proyectos energ\u00e9ticos, sin conflictos de inter\u00e9s y con resultados comprobados.\",\"publisher\":{\"@id\":\"https:\\\/\\\/denali-ep.com\\\/#organization\"},\"potentialAction\":[{\"@type\":\"SearchAction\",\"target\":{\"@type\":\"EntryPoint\",\"urlTemplate\":\"https:\\\/\\\/denali-ep.com\\\/?s={search_term_string}\"},\"query-input\":{\"@type\":\"PropertyValueSpecification\",\"valueRequired\":true,\"valueName\":\"search_term_string\"}}],\"inLanguage\":\"en-US\"},{\"@type\":\"Organization\",\"@id\":\"https:\\\/\\\/denali-ep.com\\\/#organization\",\"name\":\"Denali Energy Partners\",\"url\":\"https:\\\/\\\/denali-ep.com\\\/\",\"logo\":{\"@type\":\"ImageObject\",\"inLanguage\":\"en-US\",\"@id\":\"https:\\\/\\\/denali-ep.com\\\/#\\\/schema\\\/logo\\\/image\\\/\",\"url\":\"https:\\\/\\\/denali-ep.com\\\/wp-content\\\/uploads\\\/2025\\\/08\\\/denali-logo-500x300px.png\",\"contentUrl\":\"https:\\\/\\\/denali-ep.com\\\/wp-content\\\/uploads\\\/2025\\\/08\\\/denali-logo-500x300px.png\",\"width\":500,\"height\":300,\"caption\":\"Denali Energy Partners\"},\"image\":{\"@id\":\"https:\\\/\\\/denali-ep.com\\\/#\\\/schema\\\/logo\\\/image\\\/\"}}]}<\/script>\n<!-- \/ Yoast SEO plugin. -->","yoast_head_json":{"title":"Generador a Gas Natural Generac de 300kW en Venta - Denali Energy Partners","robots":{"index":"index","follow":"follow","max-snippet":"max-snippet:-1","max-image-preview":"max-image-preview:large","max-video-preview":"max-video-preview:-1"},"canonical":"https:\/\/denali-ep.com\/en\/product\/generador-a-gas-natural-generac-de-300kw-en-venta\/","og_locale":"en_US","og_type":"article","og_title":"Generador a Gas Natural Generac de 300kW en Venta - Denali Energy Partners","og_description":"Generador a gas natural Generac usado de 300kW. Esta unidad de respaldo cuenta con un gabinete cerrado y tiene aproximadamente 523 horas de uso. Proporciona energ\u00eda a 120\/208V y est\u00e1 listo para enviarse desde nuestras instalaciones en Brighton, Colorado. Especificaciones: N\u00famero de unidad: 092047 Condici\u00f3n: Usado Capacidad: 300kW Fabricante: Generac Tipo de combustible: Gas natural [&hellip;]","og_url":"https:\/\/denali-ep.com\/en\/product\/generador-a-gas-natural-generac-de-300kw-en-venta\/","og_site_name":"Denali Energy Partners","article_modified_time":"2025-09-15T05:50:32+00:00","og_image":[{"width":1080,"height":720,"url":"https:\/\/denali-ep.com\/wp-content\/uploads\/2025\/08\/1-300kw-generac-industrial-generator-unit-092047-exterior.webp","type":"image\/webp"}],"twitter_card":"summary_large_image","twitter_misc":{"Est. reading time":"1 minute"},"schema":{"@context":"https:\/\/schema.org","@graph":[{"@type":"WebPage","@id":"https:\/\/denali-ep.com\/product\/generador-a-gas-natural-generac-de-300kw-en-venta\/","url":"https:\/\/denali-ep.com\/product\/generador-a-gas-natural-generac-de-300kw-en-venta\/","name":"Generador a Gas Natural Generac de 300kW en Venta - Denali Energy Partners","isPartOf":{"@id":"https:\/\/denali-ep.com\/#website"},"primaryImageOfPage":{"@id":"https:\/\/denali-ep.com\/product\/generador-a-gas-natural-generac-de-300kw-en-venta\/#primaryimage"},"image":{"@id":"https:\/\/denali-ep.com\/product\/generador-a-gas-natural-generac-de-300kw-en-venta\/#primaryimage"},"thumbnailUrl":"https:\/\/denali-ep.com\/wp-content\/uploads\/2025\/08\/1-300kw-generac-industrial-generator-unit-092047-exterior.webp","datePublished":"2025-08-27T22:47:21+00:00","dateModified":"2025-09-15T05:50:32+00:00","breadcrumb":{"@id":"https:\/\/denali-ep.com\/product\/generador-a-gas-natural-generac-de-300kw-en-venta\/#breadcrumb"},"inLanguage":"en-US","potentialAction":[{"@type":"ReadAction","target":["https:\/\/denali-ep.com\/product\/generador-a-gas-natural-generac-de-300kw-en-venta\/"]}]},{"@type":"ImageObject","inLanguage":"en-US","@id":"https:\/\/denali-ep.com\/product\/generador-a-gas-natural-generac-de-300kw-en-venta\/#primaryimage","url":"https:\/\/denali-ep.com\/wp-content\/uploads\/2025\/08\/1-300kw-generac-industrial-generator-unit-092047-exterior.webp","contentUrl":"https:\/\/denali-ep.com\/wp-content\/uploads\/2025\/08\/1-300kw-generac-industrial-generator-unit-092047-exterior.webp","width":1080,"height":720},{"@type":"BreadcrumbList","@id":"https:\/\/denali-ep.com\/product\/generador-a-gas-natural-generac-de-300kw-en-venta\/#breadcrumb","itemListElement":[{"@type":"ListItem","position":1,"name":"Inicio","item":"https:\/\/denali-ep.com\/"},{"@type":"ListItem","position":2,"name":"Shop","item":"https:\/\/denali-ep.com\/shop\/"},{"@type":"ListItem","position":3,"name":"Generador a Gas Natural Generac de 300kW en Venta"}]},{"@type":"WebSite","@id":"https:\/\/denali-ep.com\/#website","url":"https:\/\/denali-ep.com\/","name":"Denali Energy Partners","description":"We reduce your electricity rates, secure your supply, and accelerate your energy projects, without conflicts of interest and with proven results.","publisher":{"@id":"https:\/\/denali-ep.com\/#organization"},"potentialAction":[{"@type":"SearchAction","target":{"@type":"EntryPoint","urlTemplate":"https:\/\/denali-ep.com\/?s={search_term_string}"},"query-input":{"@type":"PropertyValueSpecification","valueRequired":true,"valueName":"search_term_string"}}],"inLanguage":"en-US"},{"@type":"Organization","@id":"https:\/\/denali-ep.com\/#organization","name":"Denali Energy Partners","url":"https:\/\/denali-ep.com\/","logo":{"@type":"ImageObject","inLanguage":"en-US","@id":"https:\/\/denali-ep.com\/#\/schema\/logo\/image\/","url":"https:\/\/denali-ep.com\/wp-content\/uploads\/2025\/08\/denali-logo-500x300px.png","contentUrl":"https:\/\/denali-ep.com\/wp-content\/uploads\/2025\/08\/denali-logo-500x300px.png","width":500,"height":300,"caption":"Denali Energy Partners"},"image":{"@id":"https:\/\/denali-ep.com\/#\/schema\/logo\/image\/"}}]}},"_links":{"self":[{"href":"https:\/\/denali-ep.com\/en\/wp-json\/wp\/v2\/product\/929","targetHints":{"allow":["GET"]}}],"collection":[{"href":"https:\/\/denali-ep.com\/en\/wp-json\/wp\/v2\/product"}],"about":[{"href":"https:\/\/denali-ep.com\/en\/wp-json\/wp\/v2\/types\/product"}],"wp:featuredmedia":[{"embeddable":true,"href":"https:\/\/denali-ep.com\/en\/wp-json\/wp\/v2\/media\/935"}],"wp:attachment":[{"href":"https:\/\/denali-ep.com\/en\/wp-json\/wp\/v2\/media?parent=929"}],"wp:term":[{"taxonomy":"product_brand","embeddable":true,"href":"https:\/\/denali-ep.com\/en\/wp-json\/wp\/v2\/product_brand?post=929"},{"taxonomy":"product_cat","embeddable":true,"href":"https:\/\/denali-ep.com\/en\/wp-json\/wp\/v2\/product_cat?post=929"},{"taxonomy":"product_tag","embeddable":true,"href":"https:\/\/denali-ep.com\/en\/wp-json\/wp\/v2\/product_tag?post=929"}],"curies":[{"name":"wp","href":"https:\/\/api.w.org\/{rel}","templated":true}]}}