{"id":927,"date":"2025-08-27T22:38:30","date_gmt":"2025-08-27T22:38:30","guid":{"rendered":"https:\/\/denali.analyticax.com.mx\/?post_type=product&#038;p=927"},"modified":"2025-08-30T22:38:23","modified_gmt":"2025-08-30T22:38:23","slug":"generador-a-gas-natural-cummins-de-300kw-en-venta-nuevo","status":"publish","type":"product","link":"https:\/\/denali-ep.com\/en\/product\/generador-a-gas-natural-cummins-de-300kw-en-venta-nuevo\/","title":{"rendered":"300kW Cummins Natural Gas Generator for Sale (New)"},"content":{"rendered":"<p data-start=\"139\" data-end=\"406\">New 300kW Cummins natural gas generator. This backup unit features a weatherproof enclosure and provides three-phase 277\/480V power. It's ready to ship from our facility in Brighton, Colorado.<\/p>\n<p data-start=\"408\" data-end=\"431\"><strong>Specs<\/strong>:<\/p>\n<ul data-start=\"432\" data-end=\"609\">\n<li data-start=\"432\" data-end=\"464\">\n<p data-start=\"434\" data-end=\"464\">Unit number: 092672<\/p>\n<\/li>\n<li data-start=\"465\" data-end=\"489\">\n<p data-start=\"467\" data-end=\"489\">Condition: New<\/p>\n<\/li>\n<li data-start=\"490\" data-end=\"514\">\n<p data-start=\"492\" data-end=\"514\">Capacity: 300kW<\/p>\n<\/li>\n<li data-start=\"515\" data-end=\"542\">\n<p data-start=\"517\" data-end=\"542\">Manufacturer: Cummins<\/p>\n<\/li>\n<li data-start=\"543\" data-end=\"583\">\n<p data-start=\"545\" data-end=\"583\">Fuel type: Natural gas<\/p>\n<\/li>\n<li data-start=\"584\" data-end=\"609\">\n<p data-start=\"586\" data-end=\"609\">Voltage: 277\/480V<\/p>\n<\/li>\n<\/ul>","protected":false},"excerpt":{"rendered":"<p>Generador a gas natural Cummins nuevo de 300kW. Esta unidad de respaldo cuenta con un gabinete a prueba de intemperie y proporciona energ\u00eda trif\u00e1sica a 277\/480V. Est\u00e1 listo para enviarse desde nuestras instalaciones en Brighton, Colorado. Especificaciones: N\u00famero de unidad: 092672 Condici\u00f3n: Nuevo Capacidad: 300kW Fabricante: Cummins Tipo de combustible: Gas natural Voltaje: 277\/480V<\/p>","protected":false},"featured_media":928,"template":"","meta":[],"product_brand":[],"product_cat":[24],"product_tag":[],"class_list":{"0":"post-927","1":"product","2":"type-product","3":"status-publish","4":"has-post-thumbnail","6":"product_cat-uncategorized","7":"pa_capacidad-300-kw","8":"pa_condicion-nuevo","9":"pa_tipo-de-combustible-gas-natural","11":"first","12":"instock","13":"shipping-taxable","14":"product-type-simple"},"yoast_head":"<!-- This site is optimized with the Yoast SEO plugin v27.4 - https:\/\/yoast.com\/product\/yoast-seo-wordpress\/ -->\n<title>Generador a Gas Natural Cummins de 300kW en Venta (Nuevo) - Denali Energy Partners<\/title>\n<meta name=\"robots\" content=\"index, follow, max-snippet:-1, max-image-preview:large, max-video-preview:-1\" \/>\n<link rel=\"canonical\" href=\"https:\/\/denali-ep.com\/en\/product\/generador-a-gas-natural-cummins-de-300kw-en-venta-nuevo\/\" \/>\n<meta property=\"og:locale\" content=\"en_US\" \/>\n<meta property=\"og:type\" content=\"article\" \/>\n<meta property=\"og:title\" content=\"Generador a Gas Natural Cummins de 300kW en Venta (Nuevo) - Denali Energy Partners\" \/>\n<meta property=\"og:description\" content=\"Generador a gas natural Cummins nuevo de 300kW. Esta unidad de respaldo cuenta con un gabinete a prueba de intemperie y proporciona energ\u00eda trif\u00e1sica a 277\/480V. Est\u00e1 listo para enviarse desde nuestras instalaciones en Brighton, Colorado. Especificaciones: N\u00famero de unidad: 092672 Condici\u00f3n: Nuevo Capacidad: 300kW Fabricante: Cummins Tipo de combustible: Gas natural Voltaje: 277\/480V\" \/>\n<meta property=\"og:url\" content=\"https:\/\/denali-ep.com\/en\/product\/generador-a-gas-natural-cummins-de-300kw-en-venta-nuevo\/\" \/>\n<meta property=\"og:site_name\" content=\"Denali Energy Partners\" \/>\n<meta property=\"article:modified_time\" content=\"2025-08-30T22:38:23+00:00\" \/>\n<meta property=\"og:image\" content=\"https:\/\/denali-ep.com\/wp-content\/uploads\/2025\/08\/i-300kw-cummins-industrial-generator-unit-092672-image.webp\" \/>\n\t<meta property=\"og:image:width\" content=\"1600\" \/>\n\t<meta property=\"og:image:height\" content=\"1212\" \/>\n\t<meta property=\"og:image:type\" content=\"image\/webp\" \/>\n<meta name=\"twitter:card\" content=\"summary_large_image\" \/>\n<script type=\"application\/ld+json\" class=\"yoast-schema-graph\">{\"@context\":\"https:\\\/\\\/schema.org\",\"@graph\":[{\"@type\":\"WebPage\",\"@id\":\"https:\\\/\\\/denali-ep.com\\\/product\\\/generador-a-gas-natural-cummins-de-300kw-en-venta-nuevo\\\/\",\"url\":\"https:\\\/\\\/denali-ep.com\\\/product\\\/generador-a-gas-natural-cummins-de-300kw-en-venta-nuevo\\\/\",\"name\":\"Generador a Gas Natural Cummins de 300kW en Venta (Nuevo) - Denali Energy Partners\",\"isPartOf\":{\"@id\":\"https:\\\/\\\/denali-ep.com\\\/#website\"},\"primaryImageOfPage\":{\"@id\":\"https:\\\/\\\/denali-ep.com\\\/product\\\/generador-a-gas-natural-cummins-de-300kw-en-venta-nuevo\\\/#primaryimage\"},\"image\":{\"@id\":\"https:\\\/\\\/denali-ep.com\\\/product\\\/generador-a-gas-natural-cummins-de-300kw-en-venta-nuevo\\\/#primaryimage\"},\"thumbnailUrl\":\"https:\\\/\\\/denali-ep.com\\\/wp-content\\\/uploads\\\/2025\\\/08\\\/i-300kw-cummins-industrial-generator-unit-092672-image.webp\",\"datePublished\":\"2025-08-27T22:38:30+00:00\",\"dateModified\":\"2025-08-30T22:38:23+00:00\",\"breadcrumb\":{\"@id\":\"https:\\\/\\\/denali-ep.com\\\/product\\\/generador-a-gas-natural-cummins-de-300kw-en-venta-nuevo\\\/#breadcrumb\"},\"inLanguage\":\"en-US\",\"potentialAction\":[{\"@type\":\"ReadAction\",\"target\":[\"https:\\\/\\\/denali-ep.com\\\/product\\\/generador-a-gas-natural-cummins-de-300kw-en-venta-nuevo\\\/\"]}]},{\"@type\":\"ImageObject\",\"inLanguage\":\"en-US\",\"@id\":\"https:\\\/\\\/denali-ep.com\\\/product\\\/generador-a-gas-natural-cummins-de-300kw-en-venta-nuevo\\\/#primaryimage\",\"url\":\"https:\\\/\\\/denali-ep.com\\\/wp-content\\\/uploads\\\/2025\\\/08\\\/i-300kw-cummins-industrial-generator-unit-092672-image.webp\",\"contentUrl\":\"https:\\\/\\\/denali-ep.com\\\/wp-content\\\/uploads\\\/2025\\\/08\\\/i-300kw-cummins-industrial-generator-unit-092672-image.webp\",\"width\":1600,\"height\":1212},{\"@type\":\"BreadcrumbList\",\"@id\":\"https:\\\/\\\/denali-ep.com\\\/product\\\/generador-a-gas-natural-cummins-de-300kw-en-venta-nuevo\\\/#breadcrumb\",\"itemListElement\":[{\"@type\":\"ListItem\",\"position\":1,\"name\":\"Inicio\",\"item\":\"https:\\\/\\\/denali-ep.com\\\/\"},{\"@type\":\"ListItem\",\"position\":2,\"name\":\"Shop\",\"item\":\"https:\\\/\\\/denali-ep.com\\\/shop\\\/\"},{\"@type\":\"ListItem\",\"position\":3,\"name\":\"Generador a Gas Natural Cummins de 300kW en Venta (Nuevo)\"}]},{\"@type\":\"WebSite\",\"@id\":\"https:\\\/\\\/denali-ep.com\\\/#website\",\"url\":\"https:\\\/\\\/denali-ep.com\\\/\",\"name\":\"Denali Energy Partners\",\"description\":\"Reducimos su tarifa el\u00e9ctrica, aseguramos el suministro y aceleramos sus proyectos energ\u00e9ticos, sin conflictos de inter\u00e9s y con resultados comprobados.\",\"publisher\":{\"@id\":\"https:\\\/\\\/denali-ep.com\\\/#organization\"},\"potentialAction\":[{\"@type\":\"SearchAction\",\"target\":{\"@type\":\"EntryPoint\",\"urlTemplate\":\"https:\\\/\\\/denali-ep.com\\\/?s={search_term_string}\"},\"query-input\":{\"@type\":\"PropertyValueSpecification\",\"valueRequired\":true,\"valueName\":\"search_term_string\"}}],\"inLanguage\":\"en-US\"},{\"@type\":\"Organization\",\"@id\":\"https:\\\/\\\/denali-ep.com\\\/#organization\",\"name\":\"Denali Energy Partners\",\"url\":\"https:\\\/\\\/denali-ep.com\\\/\",\"logo\":{\"@type\":\"ImageObject\",\"inLanguage\":\"en-US\",\"@id\":\"https:\\\/\\\/denali-ep.com\\\/#\\\/schema\\\/logo\\\/image\\\/\",\"url\":\"https:\\\/\\\/denali-ep.com\\\/wp-content\\\/uploads\\\/2025\\\/08\\\/denali-logo-500x300px.png\",\"contentUrl\":\"https:\\\/\\\/denali-ep.com\\\/wp-content\\\/uploads\\\/2025\\\/08\\\/denali-logo-500x300px.png\",\"width\":500,\"height\":300,\"caption\":\"Denali Energy Partners\"},\"image\":{\"@id\":\"https:\\\/\\\/denali-ep.com\\\/#\\\/schema\\\/logo\\\/image\\\/\"}}]}<\/script>\n<!-- \/ Yoast SEO plugin. -->","yoast_head_json":{"title":"Generador a Gas Natural Cummins de 300kW en Venta (Nuevo) - Denali Energy Partners","robots":{"index":"index","follow":"follow","max-snippet":"max-snippet:-1","max-image-preview":"max-image-preview:large","max-video-preview":"max-video-preview:-1"},"canonical":"https:\/\/denali-ep.com\/en\/product\/generador-a-gas-natural-cummins-de-300kw-en-venta-nuevo\/","og_locale":"en_US","og_type":"article","og_title":"Generador a Gas Natural Cummins de 300kW en Venta (Nuevo) - Denali Energy Partners","og_description":"Generador a gas natural Cummins nuevo de 300kW. Esta unidad de respaldo cuenta con un gabinete a prueba de intemperie y proporciona energ\u00eda trif\u00e1sica a 277\/480V. Est\u00e1 listo para enviarse desde nuestras instalaciones en Brighton, Colorado. Especificaciones: N\u00famero de unidad: 092672 Condici\u00f3n: Nuevo Capacidad: 300kW Fabricante: Cummins Tipo de combustible: Gas natural Voltaje: 277\/480V","og_url":"https:\/\/denali-ep.com\/en\/product\/generador-a-gas-natural-cummins-de-300kw-en-venta-nuevo\/","og_site_name":"Denali Energy Partners","article_modified_time":"2025-08-30T22:38:23+00:00","og_image":[{"width":1600,"height":1212,"url":"https:\/\/denali-ep.com\/wp-content\/uploads\/2025\/08\/i-300kw-cummins-industrial-generator-unit-092672-image.webp","type":"image\/webp"}],"twitter_card":"summary_large_image","schema":{"@context":"https:\/\/schema.org","@graph":[{"@type":"WebPage","@id":"https:\/\/denali-ep.com\/product\/generador-a-gas-natural-cummins-de-300kw-en-venta-nuevo\/","url":"https:\/\/denali-ep.com\/product\/generador-a-gas-natural-cummins-de-300kw-en-venta-nuevo\/","name":"Generador a Gas Natural Cummins de 300kW en Venta (Nuevo) - Denali Energy Partners","isPartOf":{"@id":"https:\/\/denali-ep.com\/#website"},"primaryImageOfPage":{"@id":"https:\/\/denali-ep.com\/product\/generador-a-gas-natural-cummins-de-300kw-en-venta-nuevo\/#primaryimage"},"image":{"@id":"https:\/\/denali-ep.com\/product\/generador-a-gas-natural-cummins-de-300kw-en-venta-nuevo\/#primaryimage"},"thumbnailUrl":"https:\/\/denali-ep.com\/wp-content\/uploads\/2025\/08\/i-300kw-cummins-industrial-generator-unit-092672-image.webp","datePublished":"2025-08-27T22:38:30+00:00","dateModified":"2025-08-30T22:38:23+00:00","breadcrumb":{"@id":"https:\/\/denali-ep.com\/product\/generador-a-gas-natural-cummins-de-300kw-en-venta-nuevo\/#breadcrumb"},"inLanguage":"en-US","potentialAction":[{"@type":"ReadAction","target":["https:\/\/denali-ep.com\/product\/generador-a-gas-natural-cummins-de-300kw-en-venta-nuevo\/"]}]},{"@type":"ImageObject","inLanguage":"en-US","@id":"https:\/\/denali-ep.com\/product\/generador-a-gas-natural-cummins-de-300kw-en-venta-nuevo\/#primaryimage","url":"https:\/\/denali-ep.com\/wp-content\/uploads\/2025\/08\/i-300kw-cummins-industrial-generator-unit-092672-image.webp","contentUrl":"https:\/\/denali-ep.com\/wp-content\/uploads\/2025\/08\/i-300kw-cummins-industrial-generator-unit-092672-image.webp","width":1600,"height":1212},{"@type":"BreadcrumbList","@id":"https:\/\/denali-ep.com\/product\/generador-a-gas-natural-cummins-de-300kw-en-venta-nuevo\/#breadcrumb","itemListElement":[{"@type":"ListItem","position":1,"name":"Inicio","item":"https:\/\/denali-ep.com\/"},{"@type":"ListItem","position":2,"name":"Shop","item":"https:\/\/denali-ep.com\/shop\/"},{"@type":"ListItem","position":3,"name":"Generador a Gas Natural Cummins de 300kW en Venta (Nuevo)"}]},{"@type":"WebSite","@id":"https:\/\/denali-ep.com\/#website","url":"https:\/\/denali-ep.com\/","name":"Denali Energy Partners","description":"We reduce your electricity rates, secure your supply, and accelerate your energy projects, without conflicts of interest and with proven results.","publisher":{"@id":"https:\/\/denali-ep.com\/#organization"},"potentialAction":[{"@type":"SearchAction","target":{"@type":"EntryPoint","urlTemplate":"https:\/\/denali-ep.com\/?s={search_term_string}"},"query-input":{"@type":"PropertyValueSpecification","valueRequired":true,"valueName":"search_term_string"}}],"inLanguage":"en-US"},{"@type":"Organization","@id":"https:\/\/denali-ep.com\/#organization","name":"Denali Energy Partners","url":"https:\/\/denali-ep.com\/","logo":{"@type":"ImageObject","inLanguage":"en-US","@id":"https:\/\/denali-ep.com\/#\/schema\/logo\/image\/","url":"https:\/\/denali-ep.com\/wp-content\/uploads\/2025\/08\/denali-logo-500x300px.png","contentUrl":"https:\/\/denali-ep.com\/wp-content\/uploads\/2025\/08\/denali-logo-500x300px.png","width":500,"height":300,"caption":"Denali Energy Partners"},"image":{"@id":"https:\/\/denali-ep.com\/#\/schema\/logo\/image\/"}}]}},"_links":{"self":[{"href":"https:\/\/denali-ep.com\/en\/wp-json\/wp\/v2\/product\/927","targetHints":{"allow":["GET"]}}],"collection":[{"href":"https:\/\/denali-ep.com\/en\/wp-json\/wp\/v2\/product"}],"about":[{"href":"https:\/\/denali-ep.com\/en\/wp-json\/wp\/v2\/types\/product"}],"wp:featuredmedia":[{"embeddable":true,"href":"https:\/\/denali-ep.com\/en\/wp-json\/wp\/v2\/media\/928"}],"wp:attachment":[{"href":"https:\/\/denali-ep.com\/en\/wp-json\/wp\/v2\/media?parent=927"}],"wp:term":[{"taxonomy":"product_brand","embeddable":true,"href":"https:\/\/denali-ep.com\/en\/wp-json\/wp\/v2\/product_brand?post=927"},{"taxonomy":"product_cat","embeddable":true,"href":"https:\/\/denali-ep.com\/en\/wp-json\/wp\/v2\/product_cat?post=927"},{"taxonomy":"product_tag","embeddable":true,"href":"https:\/\/denali-ep.com\/en\/wp-json\/wp\/v2\/product_tag?post=927"}],"curies":[{"name":"wp","href":"https:\/\/api.w.org\/{rel}","templated":true}]}}