{"id":899,"date":"2025-08-27T21:11:06","date_gmt":"2025-08-27T21:11:06","guid":{"rendered":"https:\/\/denali.analyticax.com.mx\/?post_type=product&#038;p=899"},"modified":"2025-08-27T21:11:06","modified_gmt":"2025-08-27T21:11:06","slug":"generador-a-gas-natural-generac-de-100kw-en-venta","status":"publish","type":"product","link":"https:\/\/denali-ep.com\/en\/product\/generador-a-gas-natural-generac-de-100kw-en-venta\/","title":{"rendered":"Generac 100kW Natural Gas Generator for Sale"},"content":{"rendered":"<p data-start=\"129\" data-end=\"439\">Used Generac 100kW natural gas generator. This standby unit features a weatherproof enclosure and provides approximately 8 hours of runtime. It provides 120\/208V three-phase power and is ready to ship from our facility in Brighton, Colorado.<\/p>\n<p data-start=\"441\" data-end=\"464\"><strong>Specs<\/strong>:<\/p>\n<ul data-start=\"465\" data-end=\"666\">\n<li data-start=\"465\" data-end=\"497\">\n<p data-start=\"467\" data-end=\"497\">Unit number: 091174<\/p>\n<\/li>\n<li data-start=\"498\" data-end=\"522\">\n<p data-start=\"500\" data-end=\"522\">Condition: Used<\/p>\n<\/li>\n<li data-start=\"523\" data-end=\"547\">\n<p data-start=\"525\" data-end=\"547\">Capacity: 100kW<\/p>\n<\/li>\n<li data-start=\"548\" data-end=\"575\">\n<p data-start=\"550\" data-end=\"575\">Manufacturer: Generac<\/p>\n<\/li>\n<li data-start=\"576\" data-end=\"616\">\n<p data-start=\"578\" data-end=\"616\">Fuel type: Natural gas<\/p>\n<\/li>\n<li data-start=\"617\" data-end=\"642\">\n<p data-start=\"619\" data-end=\"642\">Voltage: 120\/208V<\/p>\n<\/li>\n<li data-start=\"643\" data-end=\"666\">\n<p data-start=\"645\" data-end=\"666\">Hours of use: 8<\/p>\n<\/li>\n<\/ul>","protected":false},"excerpt":{"rendered":"<p>Generador a gas natural Generac usado de 100kW. Esta unidad de respaldo cuenta con un gabinete a prueba de intemperie y tiene aproximadamente 8 horas de uso. Proporciona energ\u00eda trif\u00e1sica a 120\/208V y est\u00e1 listo para enviarse desde nuestras instalaciones en Brighton, Colorado. Especificaciones: N\u00famero de unidad: 091174 Condici\u00f3n: Usado Capacidad: 100kW Fabricante: Generac Tipo [&hellip;]<\/p>\n","protected":false},"featured_media":905,"template":"","meta":[],"product_brand":[],"product_cat":[24],"product_tag":[],"class_list":{"0":"post-899","1":"product","2":"type-product","3":"status-publish","4":"has-post-thumbnail","6":"product_cat-uncategorized","8":"first","9":"instock","10":"shipping-taxable","11":"product-type-simple"},"yoast_head":"<!-- This site is optimized with the Yoast SEO plugin v27.4 - https:\/\/yoast.com\/product\/yoast-seo-wordpress\/ -->\n<title>Generador a Gas Natural Generac de 100kW en Venta - Denali Energy Partners<\/title>\n<meta name=\"robots\" content=\"index, follow, max-snippet:-1, max-image-preview:large, max-video-preview:-1\" \/>\n<link rel=\"canonical\" href=\"https:\/\/denali-ep.com\/en\/product\/generador-a-gas-natural-generac-de-100kw-en-venta\/\" \/>\n<meta property=\"og:locale\" content=\"en_US\" \/>\n<meta property=\"og:type\" content=\"article\" \/>\n<meta property=\"og:title\" content=\"Generador a Gas Natural Generac de 100kW en Venta - Denali Energy Partners\" \/>\n<meta property=\"og:description\" content=\"Generador a gas natural Generac usado de 100kW. Esta unidad de respaldo cuenta con un gabinete a prueba de intemperie y tiene aproximadamente 8 horas de uso. Proporciona energ\u00eda trif\u00e1sica a 120\/208V y est\u00e1 listo para enviarse desde nuestras instalaciones en Brighton, Colorado. Especificaciones: N\u00famero de unidad: 091174 Condici\u00f3n: Usado Capacidad: 100kW Fabricante: Generac Tipo [&hellip;]\" \/>\n<meta property=\"og:url\" content=\"https:\/\/denali-ep.com\/en\/product\/generador-a-gas-natural-generac-de-100kw-en-venta\/\" \/>\n<meta property=\"og:site_name\" content=\"Denali Energy Partners\" \/>\n<meta property=\"og:image\" content=\"https:\/\/denali-ep.com\/wp-content\/uploads\/2025\/08\/1-100kw-generac-industrial-generator-unit-091174-exterior.webp\" \/>\n\t<meta property=\"og:image:width\" content=\"720\" \/>\n\t<meta property=\"og:image:height\" content=\"480\" \/>\n\t<meta property=\"og:image:type\" content=\"image\/webp\" \/>\n<meta name=\"twitter:card\" content=\"summary_large_image\" \/>\n<script type=\"application\/ld+json\" class=\"yoast-schema-graph\">{\"@context\":\"https:\\\/\\\/schema.org\",\"@graph\":[{\"@type\":\"WebPage\",\"@id\":\"https:\\\/\\\/denali-ep.com\\\/product\\\/generador-a-gas-natural-generac-de-100kw-en-venta\\\/\",\"url\":\"https:\\\/\\\/denali-ep.com\\\/product\\\/generador-a-gas-natural-generac-de-100kw-en-venta\\\/\",\"name\":\"Generador a Gas Natural Generac de 100kW en Venta - Denali Energy Partners\",\"isPartOf\":{\"@id\":\"https:\\\/\\\/denali-ep.com\\\/#website\"},\"primaryImageOfPage\":{\"@id\":\"https:\\\/\\\/denali-ep.com\\\/product\\\/generador-a-gas-natural-generac-de-100kw-en-venta\\\/#primaryimage\"},\"image\":{\"@id\":\"https:\\\/\\\/denali-ep.com\\\/product\\\/generador-a-gas-natural-generac-de-100kw-en-venta\\\/#primaryimage\"},\"thumbnailUrl\":\"https:\\\/\\\/denali-ep.com\\\/wp-content\\\/uploads\\\/2025\\\/08\\\/1-100kw-generac-industrial-generator-unit-091174-exterior.webp\",\"datePublished\":\"2025-08-27T21:11:06+00:00\",\"breadcrumb\":{\"@id\":\"https:\\\/\\\/denali-ep.com\\\/product\\\/generador-a-gas-natural-generac-de-100kw-en-venta\\\/#breadcrumb\"},\"inLanguage\":\"en-US\",\"potentialAction\":[{\"@type\":\"ReadAction\",\"target\":[\"https:\\\/\\\/denali-ep.com\\\/product\\\/generador-a-gas-natural-generac-de-100kw-en-venta\\\/\"]}]},{\"@type\":\"ImageObject\",\"inLanguage\":\"en-US\",\"@id\":\"https:\\\/\\\/denali-ep.com\\\/product\\\/generador-a-gas-natural-generac-de-100kw-en-venta\\\/#primaryimage\",\"url\":\"https:\\\/\\\/denali-ep.com\\\/wp-content\\\/uploads\\\/2025\\\/08\\\/1-100kw-generac-industrial-generator-unit-091174-exterior.webp\",\"contentUrl\":\"https:\\\/\\\/denali-ep.com\\\/wp-content\\\/uploads\\\/2025\\\/08\\\/1-100kw-generac-industrial-generator-unit-091174-exterior.webp\",\"width\":720,\"height\":480},{\"@type\":\"BreadcrumbList\",\"@id\":\"https:\\\/\\\/denali-ep.com\\\/product\\\/generador-a-gas-natural-generac-de-100kw-en-venta\\\/#breadcrumb\",\"itemListElement\":[{\"@type\":\"ListItem\",\"position\":1,\"name\":\"Inicio\",\"item\":\"https:\\\/\\\/denali-ep.com\\\/\"},{\"@type\":\"ListItem\",\"position\":2,\"name\":\"Shop\",\"item\":\"https:\\\/\\\/denali-ep.com\\\/shop\\\/\"},{\"@type\":\"ListItem\",\"position\":3,\"name\":\"Generador a Gas Natural Generac de 100kW en Venta\"}]},{\"@type\":\"WebSite\",\"@id\":\"https:\\\/\\\/denali-ep.com\\\/#website\",\"url\":\"https:\\\/\\\/denali-ep.com\\\/\",\"name\":\"Denali Energy Partners\",\"description\":\"Reducimos su tarifa el\u00e9ctrica, aseguramos el suministro y aceleramos sus proyectos energ\u00e9ticos, sin conflictos de inter\u00e9s y con resultados comprobados.\",\"publisher\":{\"@id\":\"https:\\\/\\\/denali-ep.com\\\/#organization\"},\"potentialAction\":[{\"@type\":\"SearchAction\",\"target\":{\"@type\":\"EntryPoint\",\"urlTemplate\":\"https:\\\/\\\/denali-ep.com\\\/?s={search_term_string}\"},\"query-input\":{\"@type\":\"PropertyValueSpecification\",\"valueRequired\":true,\"valueName\":\"search_term_string\"}}],\"inLanguage\":\"en-US\"},{\"@type\":\"Organization\",\"@id\":\"https:\\\/\\\/denali-ep.com\\\/#organization\",\"name\":\"Denali Energy Partners\",\"url\":\"https:\\\/\\\/denali-ep.com\\\/\",\"logo\":{\"@type\":\"ImageObject\",\"inLanguage\":\"en-US\",\"@id\":\"https:\\\/\\\/denali-ep.com\\\/#\\\/schema\\\/logo\\\/image\\\/\",\"url\":\"https:\\\/\\\/denali-ep.com\\\/wp-content\\\/uploads\\\/2025\\\/08\\\/denali-logo-500x300px.png\",\"contentUrl\":\"https:\\\/\\\/denali-ep.com\\\/wp-content\\\/uploads\\\/2025\\\/08\\\/denali-logo-500x300px.png\",\"width\":500,\"height\":300,\"caption\":\"Denali Energy Partners\"},\"image\":{\"@id\":\"https:\\\/\\\/denali-ep.com\\\/#\\\/schema\\\/logo\\\/image\\\/\"}}]}<\/script>\n<!-- \/ Yoast SEO plugin. -->","yoast_head_json":{"title":"Generador a Gas Natural Generac de 100kW en Venta - Denali Energy Partners","robots":{"index":"index","follow":"follow","max-snippet":"max-snippet:-1","max-image-preview":"max-image-preview:large","max-video-preview":"max-video-preview:-1"},"canonical":"https:\/\/denali-ep.com\/en\/product\/generador-a-gas-natural-generac-de-100kw-en-venta\/","og_locale":"en_US","og_type":"article","og_title":"Generador a Gas Natural Generac de 100kW en Venta - Denali Energy Partners","og_description":"Generador a gas natural Generac usado de 100kW. Esta unidad de respaldo cuenta con un gabinete a prueba de intemperie y tiene aproximadamente 8 horas de uso. Proporciona energ\u00eda trif\u00e1sica a 120\/208V y est\u00e1 listo para enviarse desde nuestras instalaciones en Brighton, Colorado. Especificaciones: N\u00famero de unidad: 091174 Condici\u00f3n: Usado Capacidad: 100kW Fabricante: Generac Tipo [&hellip;]","og_url":"https:\/\/denali-ep.com\/en\/product\/generador-a-gas-natural-generac-de-100kw-en-venta\/","og_site_name":"Denali Energy Partners","og_image":[{"width":720,"height":480,"url":"https:\/\/denali-ep.com\/wp-content\/uploads\/2025\/08\/1-100kw-generac-industrial-generator-unit-091174-exterior.webp","type":"image\/webp"}],"twitter_card":"summary_large_image","schema":{"@context":"https:\/\/schema.org","@graph":[{"@type":"WebPage","@id":"https:\/\/denali-ep.com\/product\/generador-a-gas-natural-generac-de-100kw-en-venta\/","url":"https:\/\/denali-ep.com\/product\/generador-a-gas-natural-generac-de-100kw-en-venta\/","name":"Generador a Gas Natural Generac de 100kW en Venta - Denali Energy Partners","isPartOf":{"@id":"https:\/\/denali-ep.com\/#website"},"primaryImageOfPage":{"@id":"https:\/\/denali-ep.com\/product\/generador-a-gas-natural-generac-de-100kw-en-venta\/#primaryimage"},"image":{"@id":"https:\/\/denali-ep.com\/product\/generador-a-gas-natural-generac-de-100kw-en-venta\/#primaryimage"},"thumbnailUrl":"https:\/\/denali-ep.com\/wp-content\/uploads\/2025\/08\/1-100kw-generac-industrial-generator-unit-091174-exterior.webp","datePublished":"2025-08-27T21:11:06+00:00","breadcrumb":{"@id":"https:\/\/denali-ep.com\/product\/generador-a-gas-natural-generac-de-100kw-en-venta\/#breadcrumb"},"inLanguage":"en-US","potentialAction":[{"@type":"ReadAction","target":["https:\/\/denali-ep.com\/product\/generador-a-gas-natural-generac-de-100kw-en-venta\/"]}]},{"@type":"ImageObject","inLanguage":"en-US","@id":"https:\/\/denali-ep.com\/product\/generador-a-gas-natural-generac-de-100kw-en-venta\/#primaryimage","url":"https:\/\/denali-ep.com\/wp-content\/uploads\/2025\/08\/1-100kw-generac-industrial-generator-unit-091174-exterior.webp","contentUrl":"https:\/\/denali-ep.com\/wp-content\/uploads\/2025\/08\/1-100kw-generac-industrial-generator-unit-091174-exterior.webp","width":720,"height":480},{"@type":"BreadcrumbList","@id":"https:\/\/denali-ep.com\/product\/generador-a-gas-natural-generac-de-100kw-en-venta\/#breadcrumb","itemListElement":[{"@type":"ListItem","position":1,"name":"Inicio","item":"https:\/\/denali-ep.com\/"},{"@type":"ListItem","position":2,"name":"Shop","item":"https:\/\/denali-ep.com\/shop\/"},{"@type":"ListItem","position":3,"name":"Generador a Gas Natural Generac de 100kW en Venta"}]},{"@type":"WebSite","@id":"https:\/\/denali-ep.com\/#website","url":"https:\/\/denali-ep.com\/","name":"Denali Energy Partners","description":"We reduce your electricity rates, secure your supply, and accelerate your energy projects, without conflicts of interest and with proven results.","publisher":{"@id":"https:\/\/denali-ep.com\/#organization"},"potentialAction":[{"@type":"SearchAction","target":{"@type":"EntryPoint","urlTemplate":"https:\/\/denali-ep.com\/?s={search_term_string}"},"query-input":{"@type":"PropertyValueSpecification","valueRequired":true,"valueName":"search_term_string"}}],"inLanguage":"en-US"},{"@type":"Organization","@id":"https:\/\/denali-ep.com\/#organization","name":"Denali Energy Partners","url":"https:\/\/denali-ep.com\/","logo":{"@type":"ImageObject","inLanguage":"en-US","@id":"https:\/\/denali-ep.com\/#\/schema\/logo\/image\/","url":"https:\/\/denali-ep.com\/wp-content\/uploads\/2025\/08\/denali-logo-500x300px.png","contentUrl":"https:\/\/denali-ep.com\/wp-content\/uploads\/2025\/08\/denali-logo-500x300px.png","width":500,"height":300,"caption":"Denali Energy Partners"},"image":{"@id":"https:\/\/denali-ep.com\/#\/schema\/logo\/image\/"}}]}},"_links":{"self":[{"href":"https:\/\/denali-ep.com\/en\/wp-json\/wp\/v2\/product\/899","targetHints":{"allow":["GET"]}}],"collection":[{"href":"https:\/\/denali-ep.com\/en\/wp-json\/wp\/v2\/product"}],"about":[{"href":"https:\/\/denali-ep.com\/en\/wp-json\/wp\/v2\/types\/product"}],"wp:featuredmedia":[{"embeddable":true,"href":"https:\/\/denali-ep.com\/en\/wp-json\/wp\/v2\/media\/905"}],"wp:attachment":[{"href":"https:\/\/denali-ep.com\/en\/wp-json\/wp\/v2\/media?parent=899"}],"wp:term":[{"taxonomy":"product_brand","embeddable":true,"href":"https:\/\/denali-ep.com\/en\/wp-json\/wp\/v2\/product_brand?post=899"},{"taxonomy":"product_cat","embeddable":true,"href":"https:\/\/denali-ep.com\/en\/wp-json\/wp\/v2\/product_cat?post=899"},{"taxonomy":"product_tag","embeddable":true,"href":"https:\/\/denali-ep.com\/en\/wp-json\/wp\/v2\/product_tag?post=899"}],"curies":[{"name":"wp","href":"https:\/\/api.w.org\/{rel}","templated":true}]}}