{"id":633,"date":"2025-08-27T01:26:38","date_gmt":"2025-08-27T01:26:38","guid":{"rendered":"https:\/\/denali.analyticax.com.mx\/?post_type=product&#038;p=633"},"modified":"2025-08-27T01:26:38","modified_gmt":"2025-08-27T01:26:38","slug":"generador-diesel-cummins-de-600kw-en-venta-nuevo","status":"publish","type":"product","link":"https:\/\/denali-ep.com\/en\/product\/generador-diesel-cummins-de-600kw-en-venta-nuevo\/","title":{"rendered":"600kW Cummins Diesel Generator for Sale (New)"},"content":{"rendered":"<p data-start=\"119\" data-end=\"356\">Brand new 600kW Cummins diesel generator. This unit features a Trailer\/SAE enclosure and provides three-phase 277\/480V power. It's ready to ship from our facility in Brighton, Colorado.<\/p>\n<p data-start=\"358\" data-end=\"381\"><strong>Specs:<\/strong><\/p>\n<ul data-start=\"382\" data-end=\"554\">\n<li data-start=\"382\" data-end=\"414\">\n<p data-start=\"384\" data-end=\"414\">Unit number: 089874<\/p>\n<\/li>\n<li data-start=\"415\" data-end=\"439\">\n<p data-start=\"417\" data-end=\"439\">Condition: New<\/p>\n<\/li>\n<li data-start=\"440\" data-end=\"464\">\n<p data-start=\"442\" data-end=\"464\">Capacity: 600kW<\/p>\n<\/li>\n<li data-start=\"465\" data-end=\"492\">\n<p data-start=\"467\" data-end=\"492\">Manufacturer: Cummins<\/p>\n<\/li>\n<li data-start=\"493\" data-end=\"528\">\n<p data-start=\"495\" data-end=\"528\">Fuel type: Diesel<\/p>\n<\/li>\n<li data-start=\"529\" data-end=\"554\">\n<p data-start=\"531\" data-end=\"554\">Voltage: 277\/480V<\/p>\n<\/li>\n<\/ul>","protected":false},"excerpt":{"rendered":"<p>Generador di\u00e9sel Cummins nuevo de 600kW. Esta unidad cuenta con un gabinete Trailer\/SAE y proporciona energ\u00eda trif\u00e1sica a 277\/480V. Est\u00e1 listo para enviarse desde nuestras instalaciones en Brighton, Colorado. Especificaciones: N\u00famero de unidad: 089874 Condici\u00f3n: Nuevo Capacidad: 600kW Fabricante: Cummins Tipo de combustible: Di\u00e9sel Voltaje: 277\/480V<\/p>","protected":false},"featured_media":634,"template":"","meta":[],"product_brand":[],"product_cat":[24],"product_tag":[],"class_list":{"0":"post-633","1":"product","2":"type-product","3":"status-publish","4":"has-post-thumbnail","6":"product_cat-uncategorized","8":"first","9":"instock","10":"shipping-taxable","11":"product-type-simple"},"yoast_head":"<!-- This site is optimized with the Yoast SEO plugin v27.4 - https:\/\/yoast.com\/product\/yoast-seo-wordpress\/ -->\n<title>Generador Di\u00e9sel Cummins de 600kW en Venta (Nuevo) - Denali Energy Partners<\/title>\n<meta name=\"robots\" content=\"index, follow, max-snippet:-1, max-image-preview:large, max-video-preview:-1\" \/>\n<link rel=\"canonical\" href=\"https:\/\/denali-ep.com\/en\/product\/generador-diesel-cummins-de-600kw-en-venta-nuevo\/\" \/>\n<meta property=\"og:locale\" content=\"en_US\" \/>\n<meta property=\"og:type\" content=\"article\" \/>\n<meta property=\"og:title\" content=\"Generador Di\u00e9sel Cummins de 600kW en Venta (Nuevo) - Denali Energy Partners\" \/>\n<meta property=\"og:description\" content=\"Generador di\u00e9sel Cummins nuevo de 600kW. Esta unidad cuenta con un gabinete Trailer\/SAE y proporciona energ\u00eda trif\u00e1sica a 277\/480V. Est\u00e1 listo para enviarse desde nuestras instalaciones en Brighton, Colorado. Especificaciones: N\u00famero de unidad: 089874 Condici\u00f3n: Nuevo Capacidad: 600kW Fabricante: Cummins Tipo de combustible: Di\u00e9sel Voltaje: 277\/480V\" \/>\n<meta property=\"og:url\" content=\"https:\/\/denali-ep.com\/en\/product\/generador-diesel-cummins-de-600kw-en-venta-nuevo\/\" \/>\n<meta property=\"og:site_name\" content=\"Denali Energy Partners\" \/>\n<meta property=\"og:image\" content=\"https:\/\/denali-ep.com\/wp-content\/uploads\/2025\/08\/1-600kw-cummins-industrial-generator-unit-089874-exterior.webp\" \/>\n\t<meta property=\"og:image:width\" content=\"1600\" \/>\n\t<meta property=\"og:image:height\" content=\"1066\" \/>\n\t<meta property=\"og:image:type\" content=\"image\/webp\" \/>\n<meta name=\"twitter:card\" content=\"summary_large_image\" \/>\n<script type=\"application\/ld+json\" class=\"yoast-schema-graph\">{\"@context\":\"https:\\\/\\\/schema.org\",\"@graph\":[{\"@type\":\"WebPage\",\"@id\":\"https:\\\/\\\/denali-ep.com\\\/product\\\/generador-diesel-cummins-de-600kw-en-venta-nuevo\\\/\",\"url\":\"https:\\\/\\\/denali-ep.com\\\/product\\\/generador-diesel-cummins-de-600kw-en-venta-nuevo\\\/\",\"name\":\"Generador Di\u00e9sel Cummins de 600kW en Venta (Nuevo) - Denali Energy Partners\",\"isPartOf\":{\"@id\":\"https:\\\/\\\/denali-ep.com\\\/#website\"},\"primaryImageOfPage\":{\"@id\":\"https:\\\/\\\/denali-ep.com\\\/product\\\/generador-diesel-cummins-de-600kw-en-venta-nuevo\\\/#primaryimage\"},\"image\":{\"@id\":\"https:\\\/\\\/denali-ep.com\\\/product\\\/generador-diesel-cummins-de-600kw-en-venta-nuevo\\\/#primaryimage\"},\"thumbnailUrl\":\"https:\\\/\\\/denali-ep.com\\\/wp-content\\\/uploads\\\/2025\\\/08\\\/1-600kw-cummins-industrial-generator-unit-089874-exterior.webp\",\"datePublished\":\"2025-08-27T01:26:38+00:00\",\"breadcrumb\":{\"@id\":\"https:\\\/\\\/denali-ep.com\\\/product\\\/generador-diesel-cummins-de-600kw-en-venta-nuevo\\\/#breadcrumb\"},\"inLanguage\":\"en-US\",\"potentialAction\":[{\"@type\":\"ReadAction\",\"target\":[\"https:\\\/\\\/denali-ep.com\\\/product\\\/generador-diesel-cummins-de-600kw-en-venta-nuevo\\\/\"]}]},{\"@type\":\"ImageObject\",\"inLanguage\":\"en-US\",\"@id\":\"https:\\\/\\\/denali-ep.com\\\/product\\\/generador-diesel-cummins-de-600kw-en-venta-nuevo\\\/#primaryimage\",\"url\":\"https:\\\/\\\/denali-ep.com\\\/wp-content\\\/uploads\\\/2025\\\/08\\\/1-600kw-cummins-industrial-generator-unit-089874-exterior.webp\",\"contentUrl\":\"https:\\\/\\\/denali-ep.com\\\/wp-content\\\/uploads\\\/2025\\\/08\\\/1-600kw-cummins-industrial-generator-unit-089874-exterior.webp\",\"width\":1600,\"height\":1066},{\"@type\":\"BreadcrumbList\",\"@id\":\"https:\\\/\\\/denali-ep.com\\\/product\\\/generador-diesel-cummins-de-600kw-en-venta-nuevo\\\/#breadcrumb\",\"itemListElement\":[{\"@type\":\"ListItem\",\"position\":1,\"name\":\"Inicio\",\"item\":\"https:\\\/\\\/denali-ep.com\\\/\"},{\"@type\":\"ListItem\",\"position\":2,\"name\":\"Shop\",\"item\":\"https:\\\/\\\/denali-ep.com\\\/shop\\\/\"},{\"@type\":\"ListItem\",\"position\":3,\"name\":\"Generador Di\u00e9sel Cummins de 600kW en Venta (Nuevo)\"}]},{\"@type\":\"WebSite\",\"@id\":\"https:\\\/\\\/denali-ep.com\\\/#website\",\"url\":\"https:\\\/\\\/denali-ep.com\\\/\",\"name\":\"Denali Energy Partners\",\"description\":\"Reducimos su tarifa el\u00e9ctrica, aseguramos el suministro y aceleramos sus proyectos energ\u00e9ticos, sin conflictos de inter\u00e9s y con resultados comprobados.\",\"publisher\":{\"@id\":\"https:\\\/\\\/denali-ep.com\\\/#organization\"},\"potentialAction\":[{\"@type\":\"SearchAction\",\"target\":{\"@type\":\"EntryPoint\",\"urlTemplate\":\"https:\\\/\\\/denali-ep.com\\\/?s={search_term_string}\"},\"query-input\":{\"@type\":\"PropertyValueSpecification\",\"valueRequired\":true,\"valueName\":\"search_term_string\"}}],\"inLanguage\":\"en-US\"},{\"@type\":\"Organization\",\"@id\":\"https:\\\/\\\/denali-ep.com\\\/#organization\",\"name\":\"Denali Energy Partners\",\"url\":\"https:\\\/\\\/denali-ep.com\\\/\",\"logo\":{\"@type\":\"ImageObject\",\"inLanguage\":\"en-US\",\"@id\":\"https:\\\/\\\/denali-ep.com\\\/#\\\/schema\\\/logo\\\/image\\\/\",\"url\":\"https:\\\/\\\/denali-ep.com\\\/wp-content\\\/uploads\\\/2025\\\/08\\\/denali-logo-500x300px.png\",\"contentUrl\":\"https:\\\/\\\/denali-ep.com\\\/wp-content\\\/uploads\\\/2025\\\/08\\\/denali-logo-500x300px.png\",\"width\":500,\"height\":300,\"caption\":\"Denali Energy Partners\"},\"image\":{\"@id\":\"https:\\\/\\\/denali-ep.com\\\/#\\\/schema\\\/logo\\\/image\\\/\"}}]}<\/script>\n<!-- \/ Yoast SEO plugin. -->","yoast_head_json":{"title":"Generador Di\u00e9sel Cummins de 600kW en Venta (Nuevo) - Denali Energy Partners","robots":{"index":"index","follow":"follow","max-snippet":"max-snippet:-1","max-image-preview":"max-image-preview:large","max-video-preview":"max-video-preview:-1"},"canonical":"https:\/\/denali-ep.com\/en\/product\/generador-diesel-cummins-de-600kw-en-venta-nuevo\/","og_locale":"en_US","og_type":"article","og_title":"Generador Di\u00e9sel Cummins de 600kW en Venta (Nuevo) - Denali Energy Partners","og_description":"Generador di\u00e9sel Cummins nuevo de 600kW. Esta unidad cuenta con un gabinete Trailer\/SAE y proporciona energ\u00eda trif\u00e1sica a 277\/480V. Est\u00e1 listo para enviarse desde nuestras instalaciones en Brighton, Colorado. Especificaciones: N\u00famero de unidad: 089874 Condici\u00f3n: Nuevo Capacidad: 600kW Fabricante: Cummins Tipo de combustible: Di\u00e9sel Voltaje: 277\/480V","og_url":"https:\/\/denali-ep.com\/en\/product\/generador-diesel-cummins-de-600kw-en-venta-nuevo\/","og_site_name":"Denali Energy Partners","og_image":[{"width":1600,"height":1066,"url":"https:\/\/denali-ep.com\/wp-content\/uploads\/2025\/08\/1-600kw-cummins-industrial-generator-unit-089874-exterior.webp","type":"image\/webp"}],"twitter_card":"summary_large_image","schema":{"@context":"https:\/\/schema.org","@graph":[{"@type":"WebPage","@id":"https:\/\/denali-ep.com\/product\/generador-diesel-cummins-de-600kw-en-venta-nuevo\/","url":"https:\/\/denali-ep.com\/product\/generador-diesel-cummins-de-600kw-en-venta-nuevo\/","name":"Generador Di\u00e9sel Cummins de 600kW en Venta (Nuevo) - Denali Energy Partners","isPartOf":{"@id":"https:\/\/denali-ep.com\/#website"},"primaryImageOfPage":{"@id":"https:\/\/denali-ep.com\/product\/generador-diesel-cummins-de-600kw-en-venta-nuevo\/#primaryimage"},"image":{"@id":"https:\/\/denali-ep.com\/product\/generador-diesel-cummins-de-600kw-en-venta-nuevo\/#primaryimage"},"thumbnailUrl":"https:\/\/denali-ep.com\/wp-content\/uploads\/2025\/08\/1-600kw-cummins-industrial-generator-unit-089874-exterior.webp","datePublished":"2025-08-27T01:26:38+00:00","breadcrumb":{"@id":"https:\/\/denali-ep.com\/product\/generador-diesel-cummins-de-600kw-en-venta-nuevo\/#breadcrumb"},"inLanguage":"en-US","potentialAction":[{"@type":"ReadAction","target":["https:\/\/denali-ep.com\/product\/generador-diesel-cummins-de-600kw-en-venta-nuevo\/"]}]},{"@type":"ImageObject","inLanguage":"en-US","@id":"https:\/\/denali-ep.com\/product\/generador-diesel-cummins-de-600kw-en-venta-nuevo\/#primaryimage","url":"https:\/\/denali-ep.com\/wp-content\/uploads\/2025\/08\/1-600kw-cummins-industrial-generator-unit-089874-exterior.webp","contentUrl":"https:\/\/denali-ep.com\/wp-content\/uploads\/2025\/08\/1-600kw-cummins-industrial-generator-unit-089874-exterior.webp","width":1600,"height":1066},{"@type":"BreadcrumbList","@id":"https:\/\/denali-ep.com\/product\/generador-diesel-cummins-de-600kw-en-venta-nuevo\/#breadcrumb","itemListElement":[{"@type":"ListItem","position":1,"name":"Inicio","item":"https:\/\/denali-ep.com\/"},{"@type":"ListItem","position":2,"name":"Shop","item":"https:\/\/denali-ep.com\/shop\/"},{"@type":"ListItem","position":3,"name":"Generador Di\u00e9sel Cummins de 600kW en Venta (Nuevo)"}]},{"@type":"WebSite","@id":"https:\/\/denali-ep.com\/#website","url":"https:\/\/denali-ep.com\/","name":"Denali Energy Partners","description":"We reduce your electricity rates, secure your supply, and accelerate your energy projects, without conflicts of interest and with proven results.","publisher":{"@id":"https:\/\/denali-ep.com\/#organization"},"potentialAction":[{"@type":"SearchAction","target":{"@type":"EntryPoint","urlTemplate":"https:\/\/denali-ep.com\/?s={search_term_string}"},"query-input":{"@type":"PropertyValueSpecification","valueRequired":true,"valueName":"search_term_string"}}],"inLanguage":"en-US"},{"@type":"Organization","@id":"https:\/\/denali-ep.com\/#organization","name":"Denali Energy Partners","url":"https:\/\/denali-ep.com\/","logo":{"@type":"ImageObject","inLanguage":"en-US","@id":"https:\/\/denali-ep.com\/#\/schema\/logo\/image\/","url":"https:\/\/denali-ep.com\/wp-content\/uploads\/2025\/08\/denali-logo-500x300px.png","contentUrl":"https:\/\/denali-ep.com\/wp-content\/uploads\/2025\/08\/denali-logo-500x300px.png","width":500,"height":300,"caption":"Denali Energy Partners"},"image":{"@id":"https:\/\/denali-ep.com\/#\/schema\/logo\/image\/"}}]}},"_links":{"self":[{"href":"https:\/\/denali-ep.com\/en\/wp-json\/wp\/v2\/product\/633","targetHints":{"allow":["GET"]}}],"collection":[{"href":"https:\/\/denali-ep.com\/en\/wp-json\/wp\/v2\/product"}],"about":[{"href":"https:\/\/denali-ep.com\/en\/wp-json\/wp\/v2\/types\/product"}],"wp:featuredmedia":[{"embeddable":true,"href":"https:\/\/denali-ep.com\/en\/wp-json\/wp\/v2\/media\/634"}],"wp:attachment":[{"href":"https:\/\/denali-ep.com\/en\/wp-json\/wp\/v2\/media?parent=633"}],"wp:term":[{"taxonomy":"product_brand","embeddable":true,"href":"https:\/\/denali-ep.com\/en\/wp-json\/wp\/v2\/product_brand?post=633"},{"taxonomy":"product_cat","embeddable":true,"href":"https:\/\/denali-ep.com\/en\/wp-json\/wp\/v2\/product_cat?post=633"},{"taxonomy":"product_tag","embeddable":true,"href":"https:\/\/denali-ep.com\/en\/wp-json\/wp\/v2\/product_tag?post=633"}],"curies":[{"name":"wp","href":"https:\/\/api.w.org\/{rel}","templated":true}]}}