{"id":619,"date":"2025-08-27T01:01:31","date_gmt":"2025-08-27T01:01:31","guid":{"rendered":"https:\/\/denali.analyticax.com.mx\/?post_type=product&#038;p=619"},"modified":"2025-08-27T01:01:31","modified_gmt":"2025-08-27T01:01:31","slug":"generador-diesel-kohler-rehlko-de-700kw-en-venta","status":"publish","type":"product","link":"https:\/\/denali-ep.com\/en\/product\/generador-diesel-kohler-rehlko-de-700kw-en-venta\/","title":{"rendered":"Kohler\/Rehlko 700kW Diesel Generator for Sale"},"content":{"rendered":"<p>Used 700kW Kohler\/Rehlko diesel generator. This standby unit features a soundproof enclosure and has approximately 1 hour of run time. It provides 277\/480V three-phase power and is ready to ship from our facility in Jacksonville, Florida.<\/p>\n<p data-start=\"427\" data-end=\"450\"><strong>Specs:<\/strong><\/p>\n<ul data-start=\"451\" data-end=\"653\">\n<li data-start=\"451\" data-end=\"483\">\n<p data-start=\"453\" data-end=\"483\">Unit number: 091032<\/p>\n<\/li>\n<li data-start=\"484\" data-end=\"508\">\n<p data-start=\"486\" data-end=\"508\">Condition: Used<\/p>\n<\/li>\n<li data-start=\"509\" data-end=\"533\">\n<p data-start=\"511\" data-end=\"533\">Capacity: 700kW<\/p>\n<\/li>\n<li data-start=\"534\" data-end=\"567\">\n<p data-start=\"536\" data-end=\"567\">Manufacturer: Kohler\/Rehlko<\/p>\n<\/li>\n<li data-start=\"568\" data-end=\"603\">\n<p data-start=\"570\" data-end=\"603\">Fuel type: Diesel<\/p>\n<\/li>\n<li data-start=\"604\" data-end=\"629\">\n<p data-start=\"606\" data-end=\"629\">Voltage: 277\/480V<\/p>\n<\/li>\n<li data-start=\"630\" data-end=\"653\">\n<p data-start=\"632\" data-end=\"653\">Hours of use: 1<\/p>\n<\/li>\n<\/ul>","protected":false},"excerpt":{"rendered":"<p>Generador di\u00e9sel Kohler\/Rehlko usado de 700kW. Esta unidad de respaldo cuenta con un gabinete insonorizado y tiene aproximadamente 1 hora de uso. Proporciona energ\u00eda trif\u00e1sica a 277\/480V y est\u00e1 listo para enviarse desde nuestras instalaciones en Jacksonville, Florida. Especificaciones: N\u00famero de unidad: 091032 Condici\u00f3n: Usado Capacidad: 700kW Fabricante: Kohler\/Rehlko Tipo de combustible: Di\u00e9sel Voltaje: 277\/480V [&hellip;]<\/p>\n","protected":false},"featured_media":620,"template":"","meta":[],"product_brand":[],"product_cat":[24],"product_tag":[],"class_list":{"0":"post-619","1":"product","2":"type-product","3":"status-publish","4":"has-post-thumbnail","6":"product_cat-uncategorized","8":"first","9":"instock","10":"shipping-taxable","11":"product-type-simple"},"yoast_head":"<!-- This site is optimized with the Yoast SEO plugin v27.4 - https:\/\/yoast.com\/product\/yoast-seo-wordpress\/ -->\n<title>Generador Di\u00e9sel Kohler\/Rehlko de 700kW en Venta - Denali Energy Partners<\/title>\n<meta name=\"robots\" content=\"index, follow, max-snippet:-1, max-image-preview:large, max-video-preview:-1\" \/>\n<link rel=\"canonical\" href=\"https:\/\/denali-ep.com\/en\/product\/generador-diesel-kohler-rehlko-de-700kw-en-venta\/\" \/>\n<meta property=\"og:locale\" content=\"en_US\" \/>\n<meta property=\"og:type\" content=\"article\" \/>\n<meta property=\"og:title\" content=\"Generador Di\u00e9sel Kohler\/Rehlko de 700kW en Venta - Denali Energy Partners\" \/>\n<meta property=\"og:description\" content=\"Generador di\u00e9sel Kohler\/Rehlko usado de 700kW. Esta unidad de respaldo cuenta con un gabinete insonorizado y tiene aproximadamente 1 hora de uso. Proporciona energ\u00eda trif\u00e1sica a 277\/480V y est\u00e1 listo para enviarse desde nuestras instalaciones en Jacksonville, Florida. Especificaciones: N\u00famero de unidad: 091032 Condici\u00f3n: Usado Capacidad: 700kW Fabricante: Kohler\/Rehlko Tipo de combustible: Di\u00e9sel Voltaje: 277\/480V [&hellip;]\" \/>\n<meta property=\"og:url\" content=\"https:\/\/denali-ep.com\/en\/product\/generador-diesel-kohler-rehlko-de-700kw-en-venta\/\" \/>\n<meta property=\"og:site_name\" content=\"Denali Energy Partners\" \/>\n<meta property=\"og:image\" content=\"https:\/\/denali-ep.com\/wp-content\/uploads\/2025\/08\/1-750kw-kohler-industrial-generator-unit-091032-exterior.webp\" \/>\n\t<meta property=\"og:image:width\" content=\"1600\" \/>\n\t<meta property=\"og:image:height\" content=\"1066\" \/>\n\t<meta property=\"og:image:type\" content=\"image\/webp\" \/>\n<meta name=\"twitter:card\" content=\"summary_large_image\" \/>\n<script type=\"application\/ld+json\" class=\"yoast-schema-graph\">{\"@context\":\"https:\\\/\\\/schema.org\",\"@graph\":[{\"@type\":\"WebPage\",\"@id\":\"https:\\\/\\\/denali-ep.com\\\/product\\\/generador-diesel-kohler-rehlko-de-700kw-en-venta\\\/\",\"url\":\"https:\\\/\\\/denali-ep.com\\\/product\\\/generador-diesel-kohler-rehlko-de-700kw-en-venta\\\/\",\"name\":\"Generador Di\u00e9sel Kohler\\\/Rehlko de 700kW en Venta - Denali Energy Partners\",\"isPartOf\":{\"@id\":\"https:\\\/\\\/denali-ep.com\\\/#website\"},\"primaryImageOfPage\":{\"@id\":\"https:\\\/\\\/denali-ep.com\\\/product\\\/generador-diesel-kohler-rehlko-de-700kw-en-venta\\\/#primaryimage\"},\"image\":{\"@id\":\"https:\\\/\\\/denali-ep.com\\\/product\\\/generador-diesel-kohler-rehlko-de-700kw-en-venta\\\/#primaryimage\"},\"thumbnailUrl\":\"https:\\\/\\\/denali-ep.com\\\/wp-content\\\/uploads\\\/2025\\\/08\\\/1-750kw-kohler-industrial-generator-unit-091032-exterior.webp\",\"datePublished\":\"2025-08-27T01:01:31+00:00\",\"breadcrumb\":{\"@id\":\"https:\\\/\\\/denali-ep.com\\\/product\\\/generador-diesel-kohler-rehlko-de-700kw-en-venta\\\/#breadcrumb\"},\"inLanguage\":\"en-US\",\"potentialAction\":[{\"@type\":\"ReadAction\",\"target\":[\"https:\\\/\\\/denali-ep.com\\\/product\\\/generador-diesel-kohler-rehlko-de-700kw-en-venta\\\/\"]}]},{\"@type\":\"ImageObject\",\"inLanguage\":\"en-US\",\"@id\":\"https:\\\/\\\/denali-ep.com\\\/product\\\/generador-diesel-kohler-rehlko-de-700kw-en-venta\\\/#primaryimage\",\"url\":\"https:\\\/\\\/denali-ep.com\\\/wp-content\\\/uploads\\\/2025\\\/08\\\/1-750kw-kohler-industrial-generator-unit-091032-exterior.webp\",\"contentUrl\":\"https:\\\/\\\/denali-ep.com\\\/wp-content\\\/uploads\\\/2025\\\/08\\\/1-750kw-kohler-industrial-generator-unit-091032-exterior.webp\",\"width\":1600,\"height\":1066},{\"@type\":\"BreadcrumbList\",\"@id\":\"https:\\\/\\\/denali-ep.com\\\/product\\\/generador-diesel-kohler-rehlko-de-700kw-en-venta\\\/#breadcrumb\",\"itemListElement\":[{\"@type\":\"ListItem\",\"position\":1,\"name\":\"Inicio\",\"item\":\"https:\\\/\\\/denali-ep.com\\\/\"},{\"@type\":\"ListItem\",\"position\":2,\"name\":\"Shop\",\"item\":\"https:\\\/\\\/denali-ep.com\\\/shop\\\/\"},{\"@type\":\"ListItem\",\"position\":3,\"name\":\"Generador Di\u00e9sel Kohler\\\/Rehlko de 700kW en Venta\"}]},{\"@type\":\"WebSite\",\"@id\":\"https:\\\/\\\/denali-ep.com\\\/#website\",\"url\":\"https:\\\/\\\/denali-ep.com\\\/\",\"name\":\"Denali Energy Partners\",\"description\":\"Reducimos su tarifa el\u00e9ctrica, aseguramos el suministro y aceleramos sus proyectos energ\u00e9ticos, sin conflictos de inter\u00e9s y con resultados comprobados.\",\"publisher\":{\"@id\":\"https:\\\/\\\/denali-ep.com\\\/#organization\"},\"potentialAction\":[{\"@type\":\"SearchAction\",\"target\":{\"@type\":\"EntryPoint\",\"urlTemplate\":\"https:\\\/\\\/denali-ep.com\\\/?s={search_term_string}\"},\"query-input\":{\"@type\":\"PropertyValueSpecification\",\"valueRequired\":true,\"valueName\":\"search_term_string\"}}],\"inLanguage\":\"en-US\"},{\"@type\":\"Organization\",\"@id\":\"https:\\\/\\\/denali-ep.com\\\/#organization\",\"name\":\"Denali Energy Partners\",\"url\":\"https:\\\/\\\/denali-ep.com\\\/\",\"logo\":{\"@type\":\"ImageObject\",\"inLanguage\":\"en-US\",\"@id\":\"https:\\\/\\\/denali-ep.com\\\/#\\\/schema\\\/logo\\\/image\\\/\",\"url\":\"https:\\\/\\\/denali-ep.com\\\/wp-content\\\/uploads\\\/2025\\\/08\\\/denali-logo-500x300px.png\",\"contentUrl\":\"https:\\\/\\\/denali-ep.com\\\/wp-content\\\/uploads\\\/2025\\\/08\\\/denali-logo-500x300px.png\",\"width\":500,\"height\":300,\"caption\":\"Denali Energy Partners\"},\"image\":{\"@id\":\"https:\\\/\\\/denali-ep.com\\\/#\\\/schema\\\/logo\\\/image\\\/\"}}]}<\/script>\n<!-- \/ Yoast SEO plugin. -->","yoast_head_json":{"title":"Generador Di\u00e9sel Kohler\/Rehlko de 700kW en Venta - Denali Energy Partners","robots":{"index":"index","follow":"follow","max-snippet":"max-snippet:-1","max-image-preview":"max-image-preview:large","max-video-preview":"max-video-preview:-1"},"canonical":"https:\/\/denali-ep.com\/en\/product\/generador-diesel-kohler-rehlko-de-700kw-en-venta\/","og_locale":"en_US","og_type":"article","og_title":"Generador Di\u00e9sel Kohler\/Rehlko de 700kW en Venta - Denali Energy Partners","og_description":"Generador di\u00e9sel Kohler\/Rehlko usado de 700kW. Esta unidad de respaldo cuenta con un gabinete insonorizado y tiene aproximadamente 1 hora de uso. Proporciona energ\u00eda trif\u00e1sica a 277\/480V y est\u00e1 listo para enviarse desde nuestras instalaciones en Jacksonville, Florida. Especificaciones: N\u00famero de unidad: 091032 Condici\u00f3n: Usado Capacidad: 700kW Fabricante: Kohler\/Rehlko Tipo de combustible: Di\u00e9sel Voltaje: 277\/480V [&hellip;]","og_url":"https:\/\/denali-ep.com\/en\/product\/generador-diesel-kohler-rehlko-de-700kw-en-venta\/","og_site_name":"Denali Energy Partners","og_image":[{"width":1600,"height":1066,"url":"https:\/\/denali-ep.com\/wp-content\/uploads\/2025\/08\/1-750kw-kohler-industrial-generator-unit-091032-exterior.webp","type":"image\/webp"}],"twitter_card":"summary_large_image","schema":{"@context":"https:\/\/schema.org","@graph":[{"@type":"WebPage","@id":"https:\/\/denali-ep.com\/product\/generador-diesel-kohler-rehlko-de-700kw-en-venta\/","url":"https:\/\/denali-ep.com\/product\/generador-diesel-kohler-rehlko-de-700kw-en-venta\/","name":"Generador Di\u00e9sel Kohler\/Rehlko de 700kW en Venta - Denali Energy Partners","isPartOf":{"@id":"https:\/\/denali-ep.com\/#website"},"primaryImageOfPage":{"@id":"https:\/\/denali-ep.com\/product\/generador-diesel-kohler-rehlko-de-700kw-en-venta\/#primaryimage"},"image":{"@id":"https:\/\/denali-ep.com\/product\/generador-diesel-kohler-rehlko-de-700kw-en-venta\/#primaryimage"},"thumbnailUrl":"https:\/\/denali-ep.com\/wp-content\/uploads\/2025\/08\/1-750kw-kohler-industrial-generator-unit-091032-exterior.webp","datePublished":"2025-08-27T01:01:31+00:00","breadcrumb":{"@id":"https:\/\/denali-ep.com\/product\/generador-diesel-kohler-rehlko-de-700kw-en-venta\/#breadcrumb"},"inLanguage":"en-US","potentialAction":[{"@type":"ReadAction","target":["https:\/\/denali-ep.com\/product\/generador-diesel-kohler-rehlko-de-700kw-en-venta\/"]}]},{"@type":"ImageObject","inLanguage":"en-US","@id":"https:\/\/denali-ep.com\/product\/generador-diesel-kohler-rehlko-de-700kw-en-venta\/#primaryimage","url":"https:\/\/denali-ep.com\/wp-content\/uploads\/2025\/08\/1-750kw-kohler-industrial-generator-unit-091032-exterior.webp","contentUrl":"https:\/\/denali-ep.com\/wp-content\/uploads\/2025\/08\/1-750kw-kohler-industrial-generator-unit-091032-exterior.webp","width":1600,"height":1066},{"@type":"BreadcrumbList","@id":"https:\/\/denali-ep.com\/product\/generador-diesel-kohler-rehlko-de-700kw-en-venta\/#breadcrumb","itemListElement":[{"@type":"ListItem","position":1,"name":"Inicio","item":"https:\/\/denali-ep.com\/"},{"@type":"ListItem","position":2,"name":"Shop","item":"https:\/\/denali-ep.com\/shop\/"},{"@type":"ListItem","position":3,"name":"Generador Di\u00e9sel Kohler\/Rehlko de 700kW en Venta"}]},{"@type":"WebSite","@id":"https:\/\/denali-ep.com\/#website","url":"https:\/\/denali-ep.com\/","name":"Denali Energy Partners","description":"We reduce your electricity rates, secure your supply, and accelerate your energy projects, without conflicts of interest and with proven results.","publisher":{"@id":"https:\/\/denali-ep.com\/#organization"},"potentialAction":[{"@type":"SearchAction","target":{"@type":"EntryPoint","urlTemplate":"https:\/\/denali-ep.com\/?s={search_term_string}"},"query-input":{"@type":"PropertyValueSpecification","valueRequired":true,"valueName":"search_term_string"}}],"inLanguage":"en-US"},{"@type":"Organization","@id":"https:\/\/denali-ep.com\/#organization","name":"Denali Energy Partners","url":"https:\/\/denali-ep.com\/","logo":{"@type":"ImageObject","inLanguage":"en-US","@id":"https:\/\/denali-ep.com\/#\/schema\/logo\/image\/","url":"https:\/\/denali-ep.com\/wp-content\/uploads\/2025\/08\/denali-logo-500x300px.png","contentUrl":"https:\/\/denali-ep.com\/wp-content\/uploads\/2025\/08\/denali-logo-500x300px.png","width":500,"height":300,"caption":"Denali Energy Partners"},"image":{"@id":"https:\/\/denali-ep.com\/#\/schema\/logo\/image\/"}}]}},"_links":{"self":[{"href":"https:\/\/denali-ep.com\/en\/wp-json\/wp\/v2\/product\/619","targetHints":{"allow":["GET"]}}],"collection":[{"href":"https:\/\/denali-ep.com\/en\/wp-json\/wp\/v2\/product"}],"about":[{"href":"https:\/\/denali-ep.com\/en\/wp-json\/wp\/v2\/types\/product"}],"wp:featuredmedia":[{"embeddable":true,"href":"https:\/\/denali-ep.com\/en\/wp-json\/wp\/v2\/media\/620"}],"wp:attachment":[{"href":"https:\/\/denali-ep.com\/en\/wp-json\/wp\/v2\/media?parent=619"}],"wp:term":[{"taxonomy":"product_brand","embeddable":true,"href":"https:\/\/denali-ep.com\/en\/wp-json\/wp\/v2\/product_brand?post=619"},{"taxonomy":"product_cat","embeddable":true,"href":"https:\/\/denali-ep.com\/en\/wp-json\/wp\/v2\/product_cat?post=619"},{"taxonomy":"product_tag","embeddable":true,"href":"https:\/\/denali-ep.com\/en\/wp-json\/wp\/v2\/product_tag?post=619"}],"curies":[{"name":"wp","href":"https:\/\/api.w.org\/{rel}","templated":true}]}}